{"id":2332,"date":"2019-10-28T06:28:27","date_gmt":"2019-10-28T06:28:27","guid":{"rendered":"https:\/\/chiroiu.com\/?page_id=2332"},"modified":"2025-05-27T13:12:10","modified_gmt":"2025-05-27T13:12:10","slug":"home-2","status":"publish","type":"page","link":"https:\/\/chiroiu.com\/de\/","title":{"rendered":"Home"},"content":{"rendered":"\n<section class=\"wp-block-uagb-section uagb-section__wrap uagb-section__background-gradient uagb-block-645368a2\"><div class=\"uagb-section__overlay\"><\/div><div class=\"uagb-section__inner-wrap\">\n<div class=\"wp-block-uagb-advanced-heading uagb-block-011e9e94\"><h1 class=\"uagb-heading-text\">Marc Chiroiu<\/h1><p class=\"uagb-desc-text\"> Web Solutions | IT-Consulting | SEO<\/p><\/div>\n\n\n\n<p><\/p>\n<\/div><\/section>\n\n\n\n<section class=\"wp-block-uagb-section uagb-section__wrap uagb-section__background-color uagb-block-87868a53\"><div class=\"uagb-section__overlay\"><\/div><div class=\"uagb-section__inner-wrap\">\n<section class=\"wp-block-uagb-columns uagb-columns__wrap uagb-columns__background-undefined uagb-columns__stack-mobile uagb-columns__valign-undefined uagb-columns__gap-10 alignundefined uagb-block-18a15f31\"><div class=\"uagb-columns__overlay\"><\/div><div class=\"uagb-columns__inner-wrap uagb-columns__columns-2\">\n<div class=\"wp-block-uagb-column uagb-column__wrap uagb-column__background-undefined uagb-block-d25964fe\"><div class=\"uagb-column__overlay\"><\/div><div class=\"uagb-column__inner-wrap\">\n<div class=\"wp-block-uagb-info-box uagb-infobox__outer-wrap uagb-block-1e56bd93\"><div class=\"uagb-infobox__content-wrap uagb-infobox uagb-infobox-has-icon uagb-infobox-icon-left-title uagb-infobox-left uagb-infobox-image-valign-top uagb-infobox-enable-border-radius \"><div class=\"uagb-ifb-left-right-wrap\"><div class=\"uagb-ifb-content\"><div class=\"uagb-ifb-left-title-image\"><div class=\"uagb-ifb-image-icon-content uagb-ifb-imgicon-wrap\"><div class=\"uagb-ifb-icon-wrap\"><span class=\"uagb-ifb-icon\"><svg xmlns=\"http:\/\/www.w3.org\/2000\/svg\" viewbox=\"0 0 448 512\"><path d=\"M416 208H32c-17.67 0-32 14.33-32 32v32c0 17.67 14.33 32 32 32h384c17.67 0 32-14.33 32-32v-32c0-17.67-14.33-32-32-32z\"><\/path><\/svg><\/span><\/div><\/div><div class=\"uagb-ifb-title-wrap\"><span class=\"uagb-ifb-title-prefix\"> Hallo<\/span><\/div><\/div><div class=\"uagb-ifb-text-wrap\"><p class=\"uagb-ifb-desc\">Ich bin Marc und erstelle moderne WordPress basierte Webseiten. Dabei gehe ich besonders auf deine pers\u00f6nlichen Anforderungen und W\u00fcnsche ein.<\/p><\/div><\/div><\/div><\/div><\/div>\n\n\n\n<div style=\"height:30px\" aria-hidden=\"true\" class=\"wp-block-spacer\"><\/div>\n\n\n\n<p class=\"has-text-color\" style=\"color:#657b83\">Bei meiner Arbeit hat die Sicherheit deiner Infrastruktur &amp; Daten die h\u00f6chste Priorit\u00e4t. Die Entwicklung individueller L\u00f6sungen ist meine Leidenschaft \u2013 also erz\u00e4hl mir doch von deiner Idee!<\/p>\n\n\n\n<div class=\"wp-block-button\"><a class=\"wp-block-button__link has-text-color has-background no-border-radius\" href=\"mailto:marc&#64;chiroiu&#46;com\" style=\"background-color:#cb4b16;color:#fdf6e3\">Kontakt<\/a><\/div>\n<\/div><\/div>\n\n\n\n<div class=\"wp-block-uagb-column uagb-column__wrap uagb-column__background-undefined uagb-block-61787bed\"><div class=\"uagb-column__overlay\"><\/div><div class=\"uagb-column__inner-wrap\">\n<div style=\"height:60px\" aria-hidden=\"true\" class=\"wp-block-spacer\"><\/div>\n\n\n\n<div class=\"wp-block-image rounded\"><figure class=\"aligncenter is-resized\"><img loading=\"lazy\" decoding=\"async\" src=\"https:\/\/chiroiu.com\/wp-content\/uploads\/me-bw.jpg\" alt=\"\" class=\"wp-image-2312\" width=\"225\" height=\"225\" srcset=\"https:\/\/chiroiu.com\/wp-content\/uploads\/me-bw.jpg 450w, https:\/\/chiroiu.com\/wp-content\/uploads\/me-bw-150x150.jpg 150w, https:\/\/chiroiu.com\/wp-content\/uploads\/me-bw-300x300.jpg 300w\" sizes=\"auto, (max-width: 225px) 100vw, 225px\" \/><\/figure><\/div>\n<\/div><\/div>\n<\/div><\/section>\n<\/div><\/section>\n\n\n\n<section class=\"wp-block-uagb-section uagb-section__wrap uagb-section__background-color uagb-block-dffc48e6\"><div class=\"uagb-section__overlay\"><\/div><div class=\"uagb-section__inner-wrap\">\n<div class=\"wp-block-uagb-advanced-heading uagb-block-41b4a7ea\"><h3 class=\"uagb-heading-text\">Einige meiner Kunden<\/h3><p class=\"uagb-desc-text\">F\u00fcr Details zu individuellen Projekten schreibe mich gerne an.<\/p><\/div>\n\n\n\n<div style=\"height:60px\" aria-hidden=\"true\" class=\"wp-block-spacer\"><\/div>\n\n\n\n<section class=\"wp-block-uagb-columns uagb-columns__wrap uagb-columns__background-color uagb-columns__stack-mobile uagb-columns__valign-undefined uagb-columns__gap-10 alignundefined uagb-block-96537ced\"><div class=\"uagb-columns__overlay\"><\/div><div class=\"uagb-columns__inner-wrap uagb-columns__columns-1\">\n<div class=\"wp-block-uagb-column uagb-column__wrap uagb-column__background-none uagb-block-d83bf64e\"><div class=\"uagb-column__overlay\"><\/div><div class=\"uagb-column__inner-wrap\">\n<figure class=\"wp-block-gallery aligncenter columns-4  clients wp-block-gallery-1 is-layout-flex wp-block-gallery-is-layout-flex\"><ul class=\"blocks-gallery-grid\"><li class=\"blocks-gallery-item\"><figure><img loading=\"lazy\" decoding=\"async\" width=\"406\" height=\"100\" src=\"https:\/\/chiroiu.com\/wp-content\/uploads\/r-biopharm-logo.png\" alt=\"\" data-id=\"2310\" data-link=\"https:\/\/chiroiu.com\/home\/r-biopharm-logo\/\" class=\"wp-image-2310\" srcset=\"https:\/\/chiroiu.com\/wp-content\/uploads\/r-biopharm-logo.png 406w, https:\/\/chiroiu.com\/wp-content\/uploads\/r-biopharm-logo-300x74.png 300w\" sizes=\"auto, (max-width: 406px) 100vw, 406px\" \/><\/figure><\/li><li class=\"blocks-gallery-item\"><figure><img loading=\"lazy\" decoding=\"async\" width=\"406\" height=\"100\" src=\"https:\/\/chiroiu.com\/wp-content\/uploads\/BMZ_Logo.png\" alt=\"\" data-id=\"2311\" data-link=\"https:\/\/chiroiu.com\/home\/bmz_logo\/\" class=\"wp-image-2311\" srcset=\"https:\/\/chiroiu.com\/wp-content\/uploads\/BMZ_Logo.png 406w, https:\/\/chiroiu.com\/wp-content\/uploads\/BMZ_Logo-300x74.png 300w\" sizes=\"auto, (max-width: 406px) 100vw, 406px\" \/><\/figure><\/li><li class=\"blocks-gallery-item\"><figure><img loading=\"lazy\" decoding=\"async\" width=\"406\" height=\"100\" src=\"https:\/\/chiroiu.com\/wp-content\/uploads\/ImuPro-logo-retina.png\" alt=\"\" data-id=\"2309\" data-link=\"https:\/\/chiroiu.com\/home\/imupro-logo-retina\/\" class=\"wp-image-2309\" srcset=\"https:\/\/chiroiu.com\/wp-content\/uploads\/ImuPro-logo-retina.png 406w, https:\/\/chiroiu.com\/wp-content\/uploads\/ImuPro-logo-retina-300x74.png 300w\" sizes=\"auto, (max-width: 406px) 100vw, 406px\" \/><\/figure><\/li><li class=\"blocks-gallery-item\"><figure><img loading=\"lazy\" decoding=\"async\" width=\"406\" height=\"100\" src=\"https:\/\/chiroiu.com\/wp-content\/uploads\/chives-400.png\" alt=\"\" data-id=\"2308\" data-link=\"https:\/\/chiroiu.com\/home\/chives-400\/\" class=\"wp-image-2308\" srcset=\"https:\/\/chiroiu.com\/wp-content\/uploads\/chives-400.png 406w, https:\/\/chiroiu.com\/wp-content\/uploads\/chives-400-300x74.png 300w\" sizes=\"auto, (max-width: 406px) 100vw, 406px\" \/><\/figure><\/li><\/ul><\/figure>\n\n\n\n<p><\/p>\n<\/div><\/div>\n<\/div><\/section>\n\n\n\n<p><\/p>\n<\/div><\/section>\n\n\n\n<p><\/p>\n","protected":false},"excerpt":{"rendered":"","protected":false},"author":1,"featured_media":0,"parent":0,"menu_order":0,"comment_status":"closed","ping_status":"closed","template":"","meta":{"_uag_custom_page_level_css":"","site-sidebar-layout":"no-sidebar","site-content-layout":"page-builder","ast-site-content-layout":"full-width-container","site-content-style":"unboxed","site-sidebar-style":"unboxed","ast-global-header-display":"","ast-banner-title-visibility":"","ast-main-header-display":"disabled","ast-hfb-above-header-display":"","ast-hfb-below-header-display":"","ast-hfb-mobile-header-display":"","site-post-title":"disabled","ast-breadcrumbs-content":"","ast-featured-img":"disabled","footer-sml-layout":"","ast-disable-related-posts":"","theme-transparent-header-meta":"enabled","adv-header-id-meta":"","stick-header-meta":"","header-above-stick-meta":"","header-main-stick-meta":"","header-below-stick-meta":"","astra-migrate-meta-layouts":"set","ast-page-background-enabled":"default","ast-page-background-meta":{"desktop":{"background-color":"","background-image":"","background-repeat":"repeat","background-position":"center center","background-size":"auto","background-attachment":"scroll","background-type":"","background-media":"","overlay-type":"","overlay-color":"","overlay-opacity":"","overlay-gradient":""},"tablet":{"background-color":"","background-image":"","background-repeat":"repeat","background-position":"center center","background-size":"auto","background-attachment":"scroll","background-type":"","background-media":"","overlay-type":"","overlay-color":"","overlay-opacity":"","overlay-gradient":""},"mobile":{"background-color":"","background-image":"","background-repeat":"repeat","background-position":"center center","background-size":"auto","background-attachment":"scroll","background-type":"","background-media":"","overlay-type":"","overlay-color":"","overlay-opacity":"","overlay-gradient":""}},"ast-content-background-meta":{"desktop":{"background-color":"var(--ast-global-color-5)","background-image":"","background-repeat":"repeat","background-position":"center center","background-size":"auto","background-attachment":"scroll","background-type":"","background-media":"","overlay-type":"","overlay-color":"","overlay-opacity":"","overlay-gradient":""},"tablet":{"background-color":"var(--ast-global-color-5)","background-image":"","background-repeat":"repeat","background-position":"center center","background-size":"auto","background-attachment":"scroll","background-type":"","background-media":"","overlay-type":"","overlay-color":"","overlay-opacity":"","overlay-gradient":""},"mobile":{"background-color":"var(--ast-global-color-5)","background-image":"","background-repeat":"repeat","background-position":"center center","background-size":"auto","background-attachment":"scroll","background-type":"","background-media":"","overlay-type":"","overlay-color":"","overlay-opacity":"","overlay-gradient":""}},"slim_seo":{"title":"Marc Chiroiu - Wordpress basierte Webentwicklung & Beratung","description":"Hallo, ich bin Marc und auf WordPress basierte Web Projekte spezialisiert. Wie kann ich dir weiterhelfen?"},"footnotes":""},"class_list":["post-2332","page","type-page","status-publish","hentry"],"uagb_featured_image_src":{"full":false,"thumbnail":false,"medium":false,"medium_large":false,"large":false,"1536x1536":false,"2048x2048":false},"uagb_author_info":{"display_name":"marc","author_link":"https:\/\/chiroiu.com\/de\/blog\/author\/marc\/"},"uagb_comment_info":0,"uagb_excerpt":null,"_links":{"self":[{"href":"https:\/\/chiroiu.com\/de\/wp-json\/wp\/v2\/pages\/2332","targetHints":{"allow":["GET"]}}],"collection":[{"href":"https:\/\/chiroiu.com\/de\/wp-json\/wp\/v2\/pages"}],"about":[{"href":"https:\/\/chiroiu.com\/de\/wp-json\/wp\/v2\/types\/page"}],"author":[{"embeddable":true,"href":"https:\/\/chiroiu.com\/de\/wp-json\/wp\/v2\/users\/1"}],"replies":[{"embeddable":true,"href":"https:\/\/chiroiu.com\/de\/wp-json\/wp\/v2\/comments?post=2332"}],"version-history":[{"count":5,"href":"https:\/\/chiroiu.com\/de\/wp-json\/wp\/v2\/pages\/2332\/revisions"}],"predecessor-version":[{"id":3183,"href":"https:\/\/chiroiu.com\/de\/wp-json\/wp\/v2\/pages\/2332\/revisions\/3183"}],"wp:attachment":[{"href":"https:\/\/chiroiu.com\/de\/wp-json\/wp\/v2\/media?parent=2332"}],"curies":[{"name":"wp","href":"https:\/\/api.w.org\/{rel}","templated":true}]}}